{"id":517,"date":"2017-09-17T20:28:47","date_gmt":"2017-09-17T17:28:47","guid":{"rendered":"http:\/\/eref.ee\/fondi-info\/fondi-info\/"},"modified":"2026-03-05T10:15:31","modified_gmt":"2026-03-05T08:15:31","slug":"fondi-info","status":"publish","type":"page","link":"https:\/\/eref.ee\/en\/fondi-info\/fondi-info\/","title":{"rendered":"Info"},"content":{"rendered":"<p><img loading=\"lazy\" decoding=\"async\" class=\"alignnone wp-image-1914\" src=\"https:\/\/eref.ee\/wp-content\/uploads\/2023\/03\/eref-logo-1.png\" alt=\"\" width=\"256\" height=\"112\" \/><\/p>\n<p>&nbsp;<\/p>\n<p>EfTEN Real Estate Fund AS (founded in 2015) is a public closed alternative investment fund, which invests in cash flow generating commercial properties in Baltic states.<\/p>\n<p>The funds investment strategy is value added and opportunistic. Fund is targeted mainly for retail investors.<\/p>\n<p>EfTEN Real Estate Fund AS investment region is Baltic States.<\/p>\n<p><span id=\"result_box\" class=\"\" lang=\"en\"><span class=\"\">The fund is the parent company of the consolidation group. The fund has 37 subsidiaries, through which the fund owns real estate investments.<\/span><\/span><\/p>\n<p>Fund structure:<\/p>\n<h2>EfTEN Real Estate Fund AS<\/h2>\n<ul class=\"struktuur\">\n<li><strong>Saules Miestas UAB<\/strong><br \/>\n(SPV &#8211; 100% &#8211; Lithuania)<\/li>\n<li><strong>Verki\u0173 projektas UAB<\/strong><br \/>\n(SPV &#8211; 100% &#8211; Lithuania)<\/li>\n<li><strong>EfTEN Stasylu UAB<\/strong><br \/>\n(SPV &#8211; 100% &#8211; Lithuania)<\/li>\n<li><strong>EfTEN T\u00e4nassilma O\u00dc<\/strong><br \/>\n(SPV &#8211; 100% &#8211; Estonia)<\/li>\n<li><strong>EfTEN Laisves UAB<\/strong><br \/>\n(SPV -100% &#8211; Lithuania)<\/li>\n<li><strong>EfTEN Laagri O\u00dc<\/strong><br \/>\n(SPV &#8211; 100% &#8211; Estonia)<\/li>\n<li><strong>EfTEN Seljaku O\u00dc<\/strong><br \/>\n(SPV &#8211; 100% &#8211; Estonia)<\/li>\n<li><strong>EfTEN Evolution UAB<\/strong><br \/>\n(SPV &#8211; 100% &#8211; Lithuania)<\/li>\n<li><strong>EfTEN Autokeskus O\u00dc<\/strong><br \/>\n(SPV &#8211; 100% &#8211; Estonia)<\/li>\n<li><strong>EfTEN Piepilsetas SIA<\/strong><br \/>\n(SPV &#8211; 100% &#8211; Latvia)<\/li>\n<li><strong>EfTEN Riga Airport SIA<\/strong><br \/>\n(SPV &#8211; 100% &#8211; Latvia)<\/li>\n<li><b data-stringify-type=\"bold\">EfTEN Rutkausko UAB<\/b><br \/>\n(SPV &#8211; 100% &#8211; Lithuania)<\/li>\n<li><strong>EfTEN Pirita O\u00dc<\/strong><br \/>\n(SPV &#8211; 100% &#8211; Estonia)<\/li>\n<li><strong>EfTEN Ramygalos UAB<\/strong><br \/>\n(SPV &#8211; 100% &#8211; Lithuania)<\/li>\n<li><strong>EfTEN Valkla O\u00dc<\/strong><br \/>\n(SPV &#8211; 100% &#8211; Estonia)<\/li>\n<li><strong>EfTEN Ermi O\u00dc<\/strong><br \/>\n(SPV &#8211; 100% &#8211; Estonia)<\/li>\n<li><strong>EfTEN SPV2 O\u00dc<\/strong><br \/>\n(SPV &#8211; 100% &#8211; Estonia)<\/li>\n<li><strong>EfTEN SPV3 O\u00dc<\/strong><br \/>\n(SPV &#8211; 100% &#8211; Estonia)<\/li>\n<li><strong>EfTEN SPV4 O\u00dc<\/strong><br \/>\n(SPV &#8211; 100% &#8211; Estonia)<\/li>\n<li><strong>EfTEN SPV5 O\u00dc<\/strong><br \/>\n(SPV &#8211; 100% &#8211; Estonia)<\/li>\n<li><strong>EfTEN SPV6 O\u00dc<\/strong><br \/>\n(SPV &#8211; 100% &#8211; Estonia)<\/li>\n<li><strong>EfTEN SPV7 O\u00dc<\/strong><br \/>\n(SPV &#8211; 100% &#8211; Estonia)<\/li>\n<li><strong>EfTEN SPV8 O\u00dc<\/strong><br \/>\n(SPV &#8211; 100% &#8211; Estonia)<\/li>\n<li><strong>EfTEN SPV11 O\u00dc<\/strong><br \/>\n(SPV &#8211; 50% &#8211; Estonia)<\/li>\n<li><strong>EfTEN SPV12 O\u00dc<\/strong><br \/>\n(SPV &#8211; 100% &#8211; Estonia)<\/li>\n<li><strong>EfTEN SPV14 O\u00dc<\/strong><br \/>\n(SPV &#8211; 100% &#8211; Estonia)<\/li>\n<li><strong>EfTEN SPV15 O\u00dc<\/strong><br \/>\n(SPV &#8211; 100% &#8211; Estonia)<\/li>\n<li><strong>EfTEN SPV17 O\u00dc<\/strong><br \/>\n(SPV &#8211; 100% &#8211; Estonia)<\/li>\n<li><strong>EfTEN J\u00fcrkane SIA<\/strong><br \/>\n(SPV &#8211; 100% &#8211; Latvia)<\/li>\n<li><strong>EfTEN Jelgava SIA<\/strong><br \/>\n(SPV &#8211; 100% &#8211; Latvia)<\/li>\n<li><strong>EfTEN Terbata SIA<\/strong><br \/>\n(SPV &#8211; 100% &#8211; Latvia)<\/li>\n<li><strong>EfTEN Menulio UAB<\/strong><br \/>\n(SPV &#8211; 100% &#8211; Lithuania)<\/li>\n<li><strong>EfTEN ABC SIA<\/strong><br \/>\n(SPV &#8211; 100% &#8211; Latvia)<\/li>\n<li><strong>Auras Centrs SIA<\/strong><br \/>\n(SPV &#8211; 100% &#8211; Latvia)<\/li>\n<li><strong>EfTEN H\u00e4rgm\u00e4e O\u00dc<br \/>\n<\/strong>(SPV &#8211; 100% &#8211; Estonia)<\/li>\n<li><strong>EfTEN Paemurru O\u00dc<br \/>\n<\/strong>(SPV &#8211; 100% &#8211; Estonia)<\/li>\n<li><strong>EfTEN Hiiu O\u00dc<br \/>\n<\/strong>(SPV &#8211; 100% &#8211; Estonia)<\/li>\n<\/ul>\n<p>&nbsp;<\/p>\n<p>&nbsp;<\/p>\n","protected":false},"excerpt":{"rendered":"<p>&nbsp; EfTEN Real Estate Fund AS (founded in 2015) is a public closed alternative investment fund, which invests in cash flow generating commercial properties in Baltic states. The funds investment strategy is value added and opportunistic. Fund is targeted mainly for retail investors. EfTEN Real Estate Fund AS investment region is Baltic States. The fund [&hellip;]<\/p>\n","protected":false},"author":1,"featured_media":0,"parent":514,"menu_order":0,"comment_status":"closed","ping_status":"closed","template":"page-eften.php","meta":{"footnotes":""},"class_list":["post-517","page","type-page","status-publish","hentry"],"yoast_head":"<!-- This site is optimized with the Yoast SEO plugin v27.4 - https:\/\/yoast.com\/product\/yoast-seo-wordpress\/ -->\n<title>Info - Eref<\/title>\n<meta name=\"robots\" content=\"index, follow, max-snippet:-1, max-image-preview:large, max-video-preview:-1\" \/>\n<link rel=\"canonical\" href=\"https:\/\/eref.ee\/en\/fondi-info\/fondi-info\/\" \/>\n<meta property=\"og:locale\" content=\"en_US\" \/>\n<meta property=\"og:type\" content=\"article\" \/>\n<meta property=\"og:title\" content=\"Info - Eref\" \/>\n<meta property=\"og:description\" content=\"&nbsp; EfTEN Real Estate Fund AS (founded in 2015) is a public closed alternative investment fund, which invests in cash flow generating commercial properties in Baltic states. The funds investment strategy is value added and opportunistic. Fund is targeted mainly for retail investors. EfTEN Real Estate Fund AS investment region is Baltic States. The fund [&hellip;]\" \/>\n<meta property=\"og:url\" content=\"https:\/\/eref.ee\/en\/fondi-info\/fondi-info\/\" \/>\n<meta property=\"og:site_name\" content=\"Eref\" \/>\n<meta property=\"article:modified_time\" content=\"2026-03-05T08:15:31+00:00\" \/>\n<meta property=\"og:image\" content=\"https:\/\/eref.ee\/wp-content\/uploads\/2017\/10\/eref-logo.png\" \/>\n\t<meta property=\"og:image:width\" content=\"512\" \/>\n\t<meta property=\"og:image:height\" content=\"223\" \/>\n\t<meta property=\"og:image:type\" content=\"image\/png\" \/>\n<meta name=\"twitter:card\" content=\"summary_large_image\" \/>\n<meta name=\"twitter:label1\" content=\"Est. reading time\" \/>\n\t<meta name=\"twitter:data1\" content=\"2 minutes\" \/>\n<script type=\"application\/ld+json\" class=\"yoast-schema-graph\">{\"@context\":\"https:\\\/\\\/schema.org\",\"@graph\":[{\"@type\":\"WebPage\",\"@id\":\"https:\\\/\\\/eref.ee\\\/en\\\/fondi-info\\\/fondi-info\\\/\",\"url\":\"https:\\\/\\\/eref.ee\\\/en\\\/fondi-info\\\/fondi-info\\\/\",\"name\":\"Info - Eref\",\"isPartOf\":{\"@id\":\"https:\\\/\\\/eref.ee\\\/en\\\/#website\"},\"primaryImageOfPage\":{\"@id\":\"https:\\\/\\\/eref.ee\\\/en\\\/fondi-info\\\/fondi-info\\\/#primaryimage\"},\"image\":{\"@id\":\"https:\\\/\\\/eref.ee\\\/en\\\/fondi-info\\\/fondi-info\\\/#primaryimage\"},\"thumbnailUrl\":\"https:\\\/\\\/eref.ee\\\/wp-content\\\/uploads\\\/2023\\\/03\\\/eref-logo-1.png\",\"datePublished\":\"2017-09-17T17:28:47+00:00\",\"dateModified\":\"2026-03-05T08:15:31+00:00\",\"breadcrumb\":{\"@id\":\"https:\\\/\\\/eref.ee\\\/en\\\/fondi-info\\\/fondi-info\\\/#breadcrumb\"},\"inLanguage\":\"en-US\",\"potentialAction\":[{\"@type\":\"ReadAction\",\"target\":[\"https:\\\/\\\/eref.ee\\\/en\\\/fondi-info\\\/fondi-info\\\/\"]}]},{\"@type\":\"ImageObject\",\"inLanguage\":\"en-US\",\"@id\":\"https:\\\/\\\/eref.ee\\\/en\\\/fondi-info\\\/fondi-info\\\/#primaryimage\",\"url\":\"https:\\\/\\\/eref.ee\\\/wp-content\\\/uploads\\\/2023\\\/03\\\/eref-logo-1.png\",\"contentUrl\":\"https:\\\/\\\/eref.ee\\\/wp-content\\\/uploads\\\/2023\\\/03\\\/eref-logo-1.png\"},{\"@type\":\"BreadcrumbList\",\"@id\":\"https:\\\/\\\/eref.ee\\\/en\\\/fondi-info\\\/fondi-info\\\/#breadcrumb\",\"itemListElement\":[{\"@type\":\"ListItem\",\"position\":1,\"name\":\"Home\",\"item\":\"https:\\\/\\\/eref.ee\\\/en\\\/\"},{\"@type\":\"ListItem\",\"position\":2,\"name\":\"Fund info\",\"item\":\"https:\\\/\\\/eref.ee\\\/en\\\/fondi-info\\\/\"},{\"@type\":\"ListItem\",\"position\":3,\"name\":\"Info\"}]},{\"@type\":\"WebSite\",\"@id\":\"https:\\\/\\\/eref.ee\\\/en\\\/#website\",\"url\":\"https:\\\/\\\/eref.ee\\\/en\\\/\",\"name\":\"Eref\",\"description\":\"EfTEN Real Estate Fund\",\"potentialAction\":[{\"@type\":\"SearchAction\",\"target\":{\"@type\":\"EntryPoint\",\"urlTemplate\":\"https:\\\/\\\/eref.ee\\\/en\\\/?s={search_term_string}\"},\"query-input\":{\"@type\":\"PropertyValueSpecification\",\"valueRequired\":true,\"valueName\":\"search_term_string\"}}],\"inLanguage\":\"en-US\"}]}<\/script>\n<!-- \/ Yoast SEO plugin. -->","yoast_head_json":{"title":"Info - Eref","robots":{"index":"index","follow":"follow","max-snippet":"max-snippet:-1","max-image-preview":"max-image-preview:large","max-video-preview":"max-video-preview:-1"},"canonical":"https:\/\/eref.ee\/en\/fondi-info\/fondi-info\/","og_locale":"en_US","og_type":"article","og_title":"Info - Eref","og_description":"&nbsp; EfTEN Real Estate Fund AS (founded in 2015) is a public closed alternative investment fund, which invests in cash flow generating commercial properties in Baltic states. The funds investment strategy is value added and opportunistic. Fund is targeted mainly for retail investors. EfTEN Real Estate Fund AS investment region is Baltic States. The fund [&hellip;]","og_url":"https:\/\/eref.ee\/en\/fondi-info\/fondi-info\/","og_site_name":"Eref","article_modified_time":"2026-03-05T08:15:31+00:00","og_image":[{"width":512,"height":223,"url":"https:\/\/eref.ee\/wp-content\/uploads\/2017\/10\/eref-logo.png","type":"image\/png"}],"twitter_card":"summary_large_image","twitter_misc":{"Est. reading time":"2 minutes"},"schema":{"@context":"https:\/\/schema.org","@graph":[{"@type":"WebPage","@id":"https:\/\/eref.ee\/en\/fondi-info\/fondi-info\/","url":"https:\/\/eref.ee\/en\/fondi-info\/fondi-info\/","name":"Info - Eref","isPartOf":{"@id":"https:\/\/eref.ee\/en\/#website"},"primaryImageOfPage":{"@id":"https:\/\/eref.ee\/en\/fondi-info\/fondi-info\/#primaryimage"},"image":{"@id":"https:\/\/eref.ee\/en\/fondi-info\/fondi-info\/#primaryimage"},"thumbnailUrl":"https:\/\/eref.ee\/wp-content\/uploads\/2023\/03\/eref-logo-1.png","datePublished":"2017-09-17T17:28:47+00:00","dateModified":"2026-03-05T08:15:31+00:00","breadcrumb":{"@id":"https:\/\/eref.ee\/en\/fondi-info\/fondi-info\/#breadcrumb"},"inLanguage":"en-US","potentialAction":[{"@type":"ReadAction","target":["https:\/\/eref.ee\/en\/fondi-info\/fondi-info\/"]}]},{"@type":"ImageObject","inLanguage":"en-US","@id":"https:\/\/eref.ee\/en\/fondi-info\/fondi-info\/#primaryimage","url":"https:\/\/eref.ee\/wp-content\/uploads\/2023\/03\/eref-logo-1.png","contentUrl":"https:\/\/eref.ee\/wp-content\/uploads\/2023\/03\/eref-logo-1.png"},{"@type":"BreadcrumbList","@id":"https:\/\/eref.ee\/en\/fondi-info\/fondi-info\/#breadcrumb","itemListElement":[{"@type":"ListItem","position":1,"name":"Home","item":"https:\/\/eref.ee\/en\/"},{"@type":"ListItem","position":2,"name":"Fund info","item":"https:\/\/eref.ee\/en\/fondi-info\/"},{"@type":"ListItem","position":3,"name":"Info"}]},{"@type":"WebSite","@id":"https:\/\/eref.ee\/en\/#website","url":"https:\/\/eref.ee\/en\/","name":"Eref","description":"EfTEN Real Estate Fund","potentialAction":[{"@type":"SearchAction","target":{"@type":"EntryPoint","urlTemplate":"https:\/\/eref.ee\/en\/?s={search_term_string}"},"query-input":{"@type":"PropertyValueSpecification","valueRequired":true,"valueName":"search_term_string"}}],"inLanguage":"en-US"}]}},"_links":{"self":[{"href":"https:\/\/eref.ee\/en\/wp-json\/wp\/v2\/pages\/517","targetHints":{"allow":["GET"]}}],"collection":[{"href":"https:\/\/eref.ee\/en\/wp-json\/wp\/v2\/pages"}],"about":[{"href":"https:\/\/eref.ee\/en\/wp-json\/wp\/v2\/types\/page"}],"author":[{"embeddable":true,"href":"https:\/\/eref.ee\/en\/wp-json\/wp\/v2\/users\/1"}],"replies":[{"embeddable":true,"href":"https:\/\/eref.ee\/en\/wp-json\/wp\/v2\/comments?post=517"}],"version-history":[{"count":6,"href":"https:\/\/eref.ee\/en\/wp-json\/wp\/v2\/pages\/517\/revisions"}],"predecessor-version":[{"id":3633,"href":"https:\/\/eref.ee\/en\/wp-json\/wp\/v2\/pages\/517\/revisions\/3633"}],"up":[{"embeddable":true,"href":"https:\/\/eref.ee\/en\/wp-json\/wp\/v2\/pages\/514"}],"wp:attachment":[{"href":"https:\/\/eref.ee\/en\/wp-json\/wp\/v2\/media?parent=517"}],"curies":[{"name":"wp","href":"https:\/\/api.w.org\/{rel}","templated":true}]}}